{"id":3019,"date":"2025-03-14T17:45:33","date_gmt":"2025-03-14T17:45:33","guid":{"rendered":"http:\/\/rerun-electronics.com\/?page_id=3019"},"modified":"2025-03-14T18:09:17","modified_gmt":"2025-03-14T18:09:17","slug":"espanol","status":"publish","type":"page","link":"http:\/\/rerun-electronics.com\/?page_id=3019&lang=es","title":{"rendered":"*"},"content":{"rendered":"\n<p>Tras 15 a\u00f1os de actividad en Berl\u00edn, Rerun Electronics se ha trasladado al suroeste de Francia. Fabricamos a medida equipos de m\u00fasica a v\u00e1lvulas para todos los estilos. Ya sea un amplificador de bajo a v\u00e1lvulas de 100 vatios, un preamplificador hifi m\u00ednimo o una reverb de muelles a v\u00e1lvulas para estudio, fabricamos algo espec\u00edfico para sus necesidades y su sonido.<\/p>\n\n\n\n<p>Tambi\u00e9n incluimos en nuestros servicios la reparaci\u00f3n y modificaci\u00f3n de amplificadores a v\u00e1lvulas y otros equipos. No dude en ponerse en contacto con nosotros por correo electr\u00f3nico o por tel\u00e9fono sobre cualquier pregunta que pueda tener.<\/p>\n\n\n\n<p>Hay una secci\u00f3n para los art\u00edculos de venta actual. La mayor\u00eda de estos productos ser\u00e1n art\u00edculos que se construyeron sin un cliente espec\u00edfico en mente; por lo tanto, se pueden considerar prototipos, piezas \u00fanicas, etc.<\/p>\n\n\n\n<p><\/p>\n","protected":false},"excerpt":{"rendered":"<p>Tras 15 a\u00f1os de actividad en Berl\u00edn, Rerun Electronics se ha trasladado al suroeste de Francia. Fabricamos a medida equipos de m\u00fasica a v\u00e1lvulas para todos los estilos. Ya sea un amplificador de bajo a v\u00e1lvulas de 100 vatios, un preamplificador hifi m\u00ednimo o una reverb de muelles a v\u00e1lvulas para estudio, fabricamos algo espec\u00edfico &hellip; <\/p>\n<p class=\"link-more\"><a href=\"http:\/\/rerun-electronics.com\/?page_id=3019&#038;lang=es\" class=\"more-link\">Continue reading<span class=\"screen-reader-text\"> &#8220;*&#8221;<\/span><\/a><\/p>\n","protected":false},"author":1,"featured_media":0,"parent":0,"menu_order":0,"comment_status":"closed","ping_status":"closed","template":"","meta":{"advgb_blocks_editor_width":"","advgb_blocks_columns_visual_guide":"","jetpack_post_was_ever_published":false,"footnotes":""},"class_list":["post-3019","page","type-page","status-publish","hentry"],"coauthors":[],"author_meta":{"author_link":"http:\/\/rerun-electronics.com\/author\/rerun","display_name":"rerun"},"relative_dates":{"created":"Posted 1 year ago","modified":"Updated 1 year ago"},"absolute_dates":{"created":"Posted on 2025-03-14","modified":"Updated on 2025-03-14"},"absolute_dates_time":{"created":"Posted on 2025-03-14 17:45","modified":"Updated on 2025-03-14 18:09"},"featured_img_caption":"","featured_img":false,"series_order":"","jetpack_sharing_enabled":true,"jetpack_shortlink":"https:\/\/wp.me\/PapHjQ-MH","_links":{"self":[{"href":"http:\/\/rerun-electronics.com\/index.php?rest_route=\/wp\/v2\/pages\/3019","targetHints":{"allow":["GET"]}}],"collection":[{"href":"http:\/\/rerun-electronics.com\/index.php?rest_route=\/wp\/v2\/pages"}],"about":[{"href":"http:\/\/rerun-electronics.com\/index.php?rest_route=\/wp\/v2\/types\/page"}],"author":[{"embeddable":true,"href":"http:\/\/rerun-electronics.com\/index.php?rest_route=\/wp\/v2\/users\/1"}],"replies":[{"embeddable":true,"href":"http:\/\/rerun-electronics.com\/index.php?rest_route=%2Fwp%2Fv2%2Fcomments&post=3019"}],"version-history":[{"count":2,"href":"http:\/\/rerun-electronics.com\/index.php?rest_route=\/wp\/v2\/pages\/3019\/revisions"}],"predecessor-version":[{"id":3036,"href":"http:\/\/rerun-electronics.com\/index.php?rest_route=\/wp\/v2\/pages\/3019\/revisions\/3036"}],"wp:attachment":[{"href":"http:\/\/rerun-electronics.com\/index.php?rest_route=%2Fwp%2Fv2%2Fmedia&parent=3019"}],"curies":[{"name":"wp","href":"https:\/\/api.w.org\/{rel}","templated":true}]}}