{"id":3020,"date":"2025-03-14T17:45:33","date_gmt":"2025-03-14T17:45:33","guid":{"rendered":"http:\/\/rerun-electronics.com\/?page_id=3020"},"modified":"2025-03-14T18:09:29","modified_gmt":"2025-03-14T18:09:29","slug":"francais","status":"publish","type":"page","link":"http:\/\/rerun-electronics.com\/?page_id=3020&lang=fr","title":{"rendered":"*"},"content":{"rendered":"\n<p>Apr\u00e8s 15 ans d&#8217;activit\u00e9 \u00e0 Berlin, Rerun Electronics s&#8217;est install\u00e9 dans le sud-ouest de la France. Nous fabriquons sur mesure des \u00e9quipements musicaux \u00e0 tubes pour tous les styles. Qu&#8217;il s&#8217;agisse d&#8217;un amplificateur de basse \u00e0 tubes de 100 watts, d&#8217;un pr\u00e9amplificateur hifi minimal ou d&#8217;une r\u00e9verb\u00e9ration \u00e0 ressorts \u00e0 tubes pour studio, nous fabriquons quelque chose de sp\u00e9cifique \u00e0 vos besoins et \u00e0 votre son.<\/p>\n\n\n\n<p>Nos services comprennent \u00e9galement la r\u00e9paration et la modification d&#8217;amplificateurs \u00e0 tubes et d&#8217;autres \u00e9quipements. N&#8217;h\u00e9sitez pas \u00e0 nous contacter par email ou par t\u00e9l\u00e9phone pour toute question que vous pourriez avoir.<\/p>\n\n\n\n<p>Il y a une section pour les articles en vente. La plupart de ces produits sont des articles qui ont \u00e9t\u00e9 fabriqu\u00e9s sans l&#8217;intention d&#8217;un client sp\u00e9cifique ; ils peuvent donc \u00eatre consid\u00e9r\u00e9s comme des prototypes, des pi\u00e8ces uniques, etc.<\/p>\n\n\n\n<p><\/p>\n\n\n\n<p><\/p>\n","protected":false},"excerpt":{"rendered":"<p>Apr\u00e8s 15 ans d&#8217;activit\u00e9 \u00e0 Berlin, Rerun Electronics s&#8217;est install\u00e9 dans le sud-ouest de la France. Nous fabriquons sur mesure des \u00e9quipements musicaux \u00e0 tubes pour tous les styles. Qu&#8217;il s&#8217;agisse d&#8217;un amplificateur de basse \u00e0 tubes de 100 watts, d&#8217;un pr\u00e9amplificateur hifi minimal ou d&#8217;une r\u00e9verb\u00e9ration \u00e0 ressorts \u00e0 tubes pour studio, nous fabriquons &hellip; <\/p>\n<p class=\"link-more\"><a href=\"http:\/\/rerun-electronics.com\/?page_id=3020&#038;lang=fr\" class=\"more-link\">Continue reading<span class=\"screen-reader-text\"> &#8220;*&#8221;<\/span><\/a><\/p>\n","protected":false},"author":1,"featured_media":0,"parent":0,"menu_order":0,"comment_status":"closed","ping_status":"closed","template":"","meta":{"advgb_blocks_editor_width":"","advgb_blocks_columns_visual_guide":"","jetpack_post_was_ever_published":false,"footnotes":""},"class_list":["post-3020","page","type-page","status-publish","hentry"],"coauthors":[],"author_meta":{"author_link":"http:\/\/rerun-electronics.com\/author\/rerun","display_name":"rerun"},"relative_dates":{"created":"Posted 1 year ago","modified":"Updated 1 year ago"},"absolute_dates":{"created":"Posted on 2025-03-14","modified":"Updated on 2025-03-14"},"absolute_dates_time":{"created":"Posted on 2025-03-14 17:45","modified":"Updated on 2025-03-14 18:09"},"featured_img_caption":"","featured_img":false,"series_order":"","jetpack_sharing_enabled":true,"jetpack_shortlink":"https:\/\/wp.me\/PapHjQ-MI","_links":{"self":[{"href":"http:\/\/rerun-electronics.com\/index.php?rest_route=\/wp\/v2\/pages\/3020","targetHints":{"allow":["GET"]}}],"collection":[{"href":"http:\/\/rerun-electronics.com\/index.php?rest_route=\/wp\/v2\/pages"}],"about":[{"href":"http:\/\/rerun-electronics.com\/index.php?rest_route=\/wp\/v2\/types\/page"}],"author":[{"embeddable":true,"href":"http:\/\/rerun-electronics.com\/index.php?rest_route=\/wp\/v2\/users\/1"}],"replies":[{"embeddable":true,"href":"http:\/\/rerun-electronics.com\/index.php?rest_route=%2Fwp%2Fv2%2Fcomments&post=3020"}],"version-history":[{"count":5,"href":"http:\/\/rerun-electronics.com\/index.php?rest_route=\/wp\/v2\/pages\/3020\/revisions"}],"predecessor-version":[{"id":3037,"href":"http:\/\/rerun-electronics.com\/index.php?rest_route=\/wp\/v2\/pages\/3020\/revisions\/3037"}],"wp:attachment":[{"href":"http:\/\/rerun-electronics.com\/index.php?rest_route=%2Fwp%2Fv2%2Fmedia&parent=3020"}],"curies":[{"name":"wp","href":"https:\/\/api.w.org\/{rel}","templated":true}]}}