{"id":3039,"date":"2025-03-14T18:18:15","date_gmt":"2025-03-14T18:18:15","guid":{"rendered":"http:\/\/rerun-electronics.com\/?page_id=3039"},"modified":"2025-03-14T18:24:07","modified_gmt":"2025-03-14T18:24:07","slug":"contact-2","status":"publish","type":"page","link":"http:\/\/rerun-electronics.com\/?page_id=3039&lang=fr","title":{"rendered":"Contact"},"content":{"rendered":"\n<p>Concernant l&#8217;achat ou la disponibilit\u00e9 d&#8217;une pi\u00e8ce d&#8217;\u00e9quipement personnalis\u00e9e, vous pouvez nous contacter \u00e0 l&#8217;adresse suivante : <strong>info@rerun-electronics.com<\/strong><\/p>\n\n\n\n<p>Apr\u00e8s 15 ans d&#8217;activit\u00e9 \u00e0 Berlin, Rerun Electronics est maintenant situ\u00e9 \u00e0 Bayonne. Notre adresse est<strong> 5 rue Douer, 64100 Bayonne<\/strong>.<\/p>\n\n\n\n<p>T\u00e9l\u00e9phone : <strong>07 79 75 72 11<\/strong><\/p>\n\n\n\n<p>Les heures d&#8217;ouverture de notre atelier sont de 10 \u00e0 18 heures, du lundi au samedi.<\/p>\n\n\n\n<p>Merci de nous appeler avant votre visite pour vous assurer que nous sommes disponibles.<\/p>\n\n\n\n<p><\/p>\n","protected":false},"excerpt":{"rendered":"<p>Concernant l&#8217;achat ou la disponibilit\u00e9 d&#8217;une pi\u00e8ce d&#8217;\u00e9quipement personnalis\u00e9e, vous pouvez nous contacter \u00e0 l&#8217;adresse suivante : info@rerun-electronics.com Apr\u00e8s 15 ans d&#8217;activit\u00e9 \u00e0 Berlin, Rerun Electronics est maintenant situ\u00e9 \u00e0 Bayonne. Notre adresse est 5 rue Douer, 64100 Bayonne. T\u00e9l\u00e9phone : 07 79 75 72 11 Les heures d&#8217;ouverture de notre atelier sont de 10 &hellip; <\/p>\n<p class=\"link-more\"><a href=\"http:\/\/rerun-electronics.com\/?page_id=3039&#038;lang=fr\" class=\"more-link\">Continue reading<span class=\"screen-reader-text\"> &#8220;Contact&#8221;<\/span><\/a><\/p>\n","protected":false},"author":1,"featured_media":871,"parent":0,"menu_order":0,"comment_status":"closed","ping_status":"closed","template":"","meta":{"advgb_blocks_editor_width":"","advgb_blocks_columns_visual_guide":"","jetpack_post_was_ever_published":false,"footnotes":""},"class_list":["post-3039","page","type-page","status-publish","has-post-thumbnail","hentry"],"coauthors":[],"author_meta":{"author_link":"http:\/\/rerun-electronics.com\/author\/rerun","display_name":"rerun"},"relative_dates":{"created":"Posted 1 year ago","modified":"Updated 1 year ago"},"absolute_dates":{"created":"Posted on 2025-03-14","modified":"Updated on 2025-03-14"},"absolute_dates_time":{"created":"Posted on 2025-03-14 18:18","modified":"Updated on 2025-03-14 18:24"},"featured_img_caption":"","featured_img":false,"series_order":"","jetpack_sharing_enabled":true,"jetpack_shortlink":"https:\/\/wp.me\/PapHjQ-N1","_links":{"self":[{"href":"http:\/\/rerun-electronics.com\/index.php?rest_route=\/wp\/v2\/pages\/3039","targetHints":{"allow":["GET"]}}],"collection":[{"href":"http:\/\/rerun-electronics.com\/index.php?rest_route=\/wp\/v2\/pages"}],"about":[{"href":"http:\/\/rerun-electronics.com\/index.php?rest_route=\/wp\/v2\/types\/page"}],"author":[{"embeddable":true,"href":"http:\/\/rerun-electronics.com\/index.php?rest_route=\/wp\/v2\/users\/1"}],"replies":[{"embeddable":true,"href":"http:\/\/rerun-electronics.com\/index.php?rest_route=%2Fwp%2Fv2%2Fcomments&post=3039"}],"version-history":[{"count":2,"href":"http:\/\/rerun-electronics.com\/index.php?rest_route=\/wp\/v2\/pages\/3039\/revisions"}],"predecessor-version":[{"id":3042,"href":"http:\/\/rerun-electronics.com\/index.php?rest_route=\/wp\/v2\/pages\/3039\/revisions\/3042"}],"wp:featuredmedia":[{"embeddable":true,"href":"http:\/\/rerun-electronics.com\/index.php?rest_route=\/"}],"wp:attachment":[{"href":"http:\/\/rerun-electronics.com\/index.php?rest_route=%2Fwp%2Fv2%2Fmedia&parent=3039"}],"curies":[{"name":"wp","href":"https:\/\/api.w.org\/{rel}","templated":true}]}}